{"id":675,"date":"2019-05-06T08:36:37","date_gmt":"2019-05-06T05:36:37","guid":{"rendered":"http:\/\/kund02.mrmedia.fi\/?page_id=675"},"modified":"2019-05-07T09:58:10","modified_gmt":"2019-05-07T06:58:10","slug":"integritetspolicy","status":"publish","type":"page","link":"https:\/\/www.helso.fi\/sv\/integritetspolicy\/","title":{"rendered":"Integritetspolicy"},"content":{"rendered":"<p><em>Senast uppdaterad: 06.05.2019<\/em><\/p>\n<h3 class=\"wp-block-heading\">\u00d6vrigt om integritet<\/h3>\n<p>Helso Oy samt dess samarbetspartners v\u00e4rderar och vill v\u00e4rna din integritet.<\/p>\n<p>I detta dokument f\u00f6rklarar vi hur vi anv\u00e4nder cookies f\u00f6r att samla anonym anv\u00e4ndarinformation. Dokumentet f\u00f6rklarar \u00e4ven hur vi samlar och anv\u00e4nder personligt identifierbar information p\u00e5 v\u00e5r hemsida.<\/p>\n<p>Samtycke med v\u00e5r integritetspolicy i sin helhet antas om du accepterat prompten om cookies och v\u00e5r integritetspolicy vid ursprunglig sidladdning eller fortsatt normal anv\u00e4ndning av hemsidan efter att du sett den.<\/p>\n<p><em>Om du har fr\u00e5gor om hur vi anv\u00e4nder och lagrar information om dig, hur vi skyddar din integritet, vill f\u00e5 ett datapaket av personligt identifierbara informationen vi lagrat om dig eller anmoda att den raderas, beg\u00e4r vi att du kontaktar oss vid <a href=\"mailto:info@helso.fi\">info@helso.fi<\/a><\/em><\/p>\n<h3 class=\"wp-block-heading\">Registeransvarig<\/h3>\n<p>Dani Wenberg<br \/>Helso Oy<br \/>V\u00e4stanbynkuja 3<br \/>10600 Tammisaari<\/p>\n<h3 class=\"wp-block-heading\">Vilken data vi samlar in<\/h3>\n<p>Med att anv\u00e4nda dig av v\u00e5ra tj\u00e4nster, godk\u00e4nner du att vi samlar in f\u00f6ljande f\u00f6r att kunna erbjuda v\u00e5ra tj\u00e4nster:<\/p>\n<h5 class=\"wp-block-heading\">Personligt identifierbara data<\/h5>\n<ul class=\"wp-block-list\">\n<li>F\u00f6r- och efternamn<\/li>\n<li>Din e-postadress<\/li>\n<li>Telefonnummer<\/li>\n<li>Din IP-adress<\/li>\n<\/ul>\n<h5 class=\"wp-block-heading\">Insamling av personligt identifierbara data<\/h5>\n<p>Vi samlar endast in den personligt identifierbara data som du ger oss och vid ditt samtycke i sammanhang av anv\u00e4ndning av v\u00e5ra tj\u00e4nster.<br \/>Vi samlar endast in din IP-adress p\u00e5 ett s\u00e4tt d\u00e4r den kan sammankopplas till dig d\u00e5 du matar in eller efterfr\u00e5gar personligt identifierbar information p\u00e5 v\u00e5r hemsida. Detta g\u00f6rs f\u00f6r s\u00e4kerhetssk\u00e4l och f\u00f6r att skydda oss fr\u00e5n missbruk av v\u00e5ra tj\u00e4nster och anv\u00e4nds inte som analytisk information.<\/p>\n<p>D\u00e5 du anv\u00e4nder dig av v\u00e5ra tj\u00e4nster kan vi anv\u00e4nda m\u00e4tverktyg f\u00f6r att samla:<\/p>\n<h5 class=\"wp-block-heading\">Icke personligt identifierbara anv\u00e4ndardata<\/h5>\n<ul class=\"wp-block-list\">\n<li>Vilken webbl\u00e4sare du anv\u00e4nder<\/li>\n<li>Din anv\u00e4ndaranordning<\/li>\n<li>Vilka av v\u00e5ra sidor du bes\u00f6kt<\/li>\n<li>L\u00e4ngden av ditt bes\u00f6k<\/li>\n<li>N\u00e4r du bes\u00f6kte<\/li>\n<li>\u00d6vriga diagnostiska data<\/li>\n<\/ul>\n<p>Icke personligt identifierbara data kan inneh\u00e5lla en pseudonym nummeridentifiering, vilken inte kan kopplas till din identitet.<\/p>\n<h3 class=\"wp-block-heading\">Hur vi lagrar data<\/h3>\n<p>Data lagras p\u00e5 Helsos server. Den registeransvariges datasystem och filer \u00e4r skyddade med tekniska skyddsmekanismer som normalt anv\u00e4nds i f\u00f6retagsverksamhet. R\u00e4tten att anv\u00e4nda registret f\u00f6ruts\u00e4tter personliga anv\u00e4ndarnamn och l\u00f6senord som endast beviljas till personer i den registeransvariges personal som beh\u00f6ver anv\u00e4ndarr\u00e4ttigheten p\u00e5 grund av sin st\u00e4llning och sina uppgifter.<\/p>\n<h3 class=\"wp-block-heading\">Hur l\u00e4nge vi lagrar data<\/h3>\n<p>Vi lagrar personligt identifierbara data endast s\u00e5 l\u00e4nge det kr\u00e4vs f\u00f6r att kunna utf\u00f6ra syften detta dokument beskriver.<\/p>\n<h3 class=\"wp-block-heading\">Hur vi anv\u00e4nder personligt identifierbara data<\/h3>\n<p>Vi anv\u00e4nder oss endast av personligt identifierbara data f\u00f6r att ta kontakt med dig och f\u00f6r att uppfylla best\u00e4llningar. Vi kan \u00e4ven anv\u00e4nda personligt identifierbara data f\u00f6r att uppfylla v\u00e5r skyldighet enligt lag eller f\u00f6r att svara p\u00e5 en r\u00e4ttslig process, s\u00e5som ett domstolsbeslut eller en st\u00e4mning.<\/p>\n<h3 class=\"wp-block-heading\">Vilka r\u00e4ttigheter anv\u00e4ndaren har<\/h3>\n<p>Anv\u00e4ndaren har r\u00e4tt till insyn av de personligt identifierbara data som samlats om dem samt r\u00e4tt till beg\u00e4ran av korrigering eller radering av dem.<\/p>\n<h3 class=\"wp-block-heading\">Hur vi anv\u00e4nder oss av cookies och andra m\u00e4tverktyg<\/h3>\n<p>En cookie \u00e4r en liten textfil som vi skickar till dig och som sparas p\u00e5 din anv\u00e4ndaranordning av din webbl\u00e4sare.<\/p>\n<p>Om cookies (p\u00e5 engelska) p\u00e5 Europeiska Kommissionens hemsidor:<br \/><a href=\"http:\/\/ec.europa.eu\/ipg\/basics\/legal\/cookies\/index_en.htm\">http:\/\/ec.europa.eu\/ipg\/basics\/legal\/cookies\/index_en.htm<\/a><\/p>\n<p>Vi anv\u00e4nder cookies f\u00f6r att underl\u00e4tta din anv\u00e4ndning av v\u00e5ra tj\u00e4nster samt f\u00f6r att anpassa vissa delar av inneh\u00e5llet.<\/p>\n<p>Cookies anv\u00e4nds \u00e4ven f\u00f6r att m\u00e4ta hur du anv\u00e4nder v\u00e5r hemsida, vilken webbl\u00e4sare du anv\u00e4nder samt f\u00f6r att identifiera hur du anl\u00e4nde till webbplatsen.<\/p>\n<p>Vi anv\u00e4nder av oss av insamling av anonym bes\u00f6karstatistik. Denna statistik inneh\u00e5ller inte personligt identifierbar information. IP-adresser och personligt identifierbar information lagras inte i samband med analytisk information om ditt beteende p\u00e5 hemsidan och kan d\u00e4rmed inte kopplas med din identitet.<\/p>\n<p>Vi kan anv\u00e4nda oss av cookies fr\u00e5n tredje parter f\u00f6r att underl\u00e4tta anv\u00e4ndarmetrik och trafikm\u00e4tningar samt f\u00f6r att f\u00f6rb\u00e4ttra funktionaliteten av hemsidan. Vi kan \u00e4ven anv\u00e4nda oss av tredjeparterscookies f\u00f6r att underl\u00e4tta annonsering av v\u00e5r hemsida p\u00e5 internet. Dessa filer kommer av v\u00e5ra annonsleverant\u00f6rer och anv\u00e4ndarmetriksleverant\u00f6rer f\u00f6r att f\u00f6rst\u00e5 vilka anv\u00e4ndare kan vara intresserade av annons f\u00f6r oss eller vilka annonser som lett till oss samt f\u00f6r att samla anv\u00e4ndarmetrik f\u00f6r att b\u00e4ttre f\u00f6rst\u00e5 v\u00e5ra anv\u00e4ndare i syftet av att f\u00f6rb\u00e4ttra v\u00e5ra tj\u00e4nster.<\/p>\n<p>Vi anv\u00e4nder oss huvudsakligen av Google Analytics f\u00f6r att m\u00e4ta bes\u00f6karstatistik.<\/p>\n<p><em>D\u00e5 information om dig samlats p\u00e5 v\u00e5r hemsida av tredje parter, \u00e4r det f\u00f6rem\u00e5l f\u00f6r deras integritetspolicy.<\/em><\/p>\n<p><em>Googles sekretesspolicy hittar du h\u00e4r:<\/em><br \/><a href=\"https:\/\/policies.google.com\/privacy?hl=sv\">https:\/\/policies.google.com\/privacy?hl=sv<\/a><\/p>\n<h3 class=\"wp-block-heading\">Hur vi delar data med tredje parter<\/h3>\n<p>I regel delar vi inte personligt identifierbara data med en tredje part, f\u00f6rutom i n\u00e5gra undantag:<\/p>\n<ul class=\"wp-block-list\">\n<li>Vid uppk\u00f6p eller sammanslagning av v\u00e5rt f\u00f6retag. Information vi samlat om v\u00e5ra anv\u00e4ndare; anonymt och personligt identifierbart, kan \u00f6verf\u00f6ras till en k\u00f6pare av f\u00f6retaget eller annat f\u00f6retag i samband av sammanslagning, eftertr\u00e4dare eller vid andra k\u00f6p av det som en del av v\u00e5ra tillg\u00e5ngar.<\/li>\n<li>Vi delar dina personuppgifter med myndigheter endast om vi anser att det \u00e4r absolut n\u00f6dv\u00e4ndigt f\u00f6r oss f\u00f6r att uppfylla v\u00e5r skyldighet enligt lag eller f\u00f6r att svara p\u00e5 en giltig r\u00e4ttslig process, s\u00e5som ett domstolsbeslut eller en st\u00e4mning.<\/li>\n<li>Med ditt uttryckliga samtycke fr\u00e5n fall till fall att l\u00e5ta oss dela personligt identifierbar information.<\/li>\n<\/ul>\n<h3 class=\"wp-block-heading\">Hur du kan neka tillg\u00e5ng till m\u00e4tverktyg<\/h3>\n<p>Om du vill att anonym information om dig skall gl\u00f6mmas, kan du radera cookies relaterade till v\u00e5r hemsida fr\u00e5n din anv\u00e4ndaranordning, till exempel genom din webbl\u00e4sare.<\/p>\n<p>Du kan \u00e4ven \u00e4ndra inst\u00e4llningarna i din webbl\u00e4sare s\u00e5 att cookies inte till\u00e5ts att spara p\u00e5 din dator fr\u00e5n oss eller tredje parter p\u00e5 v\u00e5r hemsida. Medan detta g\u00f6r det om\u00f6jligt f\u00f6r oss samt tredje parter att genom cookies samla in anonym anv\u00e4ndarmetrik om dig, betyder det dock att dina personliga inst\u00e4llningar f\u00f6r v\u00e5r hemsida f\u00f6rsvinner och funktionaliteten p\u00e5 hemsidan f\u00f6rs\u00e4mras samt att du inte kan bevaras inloggad p\u00e5 hemsidan mellan sidladdningar, vilket g\u00f6r att viss funktionalitet inte \u00e4r tillg\u00e4nglig.<\/p>\n<h3 class=\"wp-block-heading\">\u00c4ndring av integritetspolicyn<\/h3>\n<p>Vi f\u00f6rbeh\u00e5ller r\u00e4ttigheten att \u00e4ndra integritetspolicyn n\u00e4r som helst. Vi anger alltid datumet av senaste \u00e4ndringar i b\u00f6rjan av integritetspolicyn. <\/p>\n","protected":false},"excerpt":{"rendered":"<p>Senast uppdaterad: 06.05.2019 \u00d6vrigt om integritet Helso Oy samt dess samarbetspartners v\u00e4rderar och vill v\u00e4rna din integritet. I detta dokument f\u00f6rklarar vi hur vi anv\u00e4nder cookies f\u00f6r att samla anonym anv\u00e4ndarinformation. Dokumentet f\u00f6rklarar \u00e4ven hur vi samlar och anv\u00e4nder personligt identifierbar information p\u00e5 v\u00e5r hemsida. Samtycke med v\u00e5r integritetspolicy i sin helhet antas om du [&hellip;]<\/p>\n","protected":false},"author":1,"featured_media":0,"parent":0,"menu_order":0,"comment_status":"closed","ping_status":"closed","template":"","meta":{"_acf_changed":false,"footnotes":""},"class_list":["post-675","page","type-page","status-publish","hentry","has-blocks"],"acf":[],"_links":{"self":[{"href":"https:\/\/www.helso.fi\/sv\/wp-json\/wp\/v2\/pages\/675","targetHints":{"allow":["GET"]}}],"collection":[{"href":"https:\/\/www.helso.fi\/sv\/wp-json\/wp\/v2\/pages"}],"about":[{"href":"https:\/\/www.helso.fi\/sv\/wp-json\/wp\/v2\/types\/page"}],"author":[{"embeddable":true,"href":"https:\/\/www.helso.fi\/sv\/wp-json\/wp\/v2\/users\/1"}],"replies":[{"embeddable":true,"href":"https:\/\/www.helso.fi\/sv\/wp-json\/wp\/v2\/comments?post=675"}],"version-history":[{"count":0,"href":"https:\/\/www.helso.fi\/sv\/wp-json\/wp\/v2\/pages\/675\/revisions"}],"wp:attachment":[{"href":"https:\/\/www.helso.fi\/sv\/wp-json\/wp\/v2\/media?parent=675"}],"curies":[{"name":"wp","href":"https:\/\/api.w.org\/{rel}","templated":true}]}}