{"id":259,"date":"2019-04-08T11:46:49","date_gmt":"2019-04-08T08:46:49","guid":{"rendered":"http:\/\/kund02.mrmedia.fi\/?page_id=259"},"modified":"2025-07-03T14:16:01","modified_gmt":"2025-07-03T11:16:01","slug":"kontakt","status":"publish","type":"page","link":"https:\/\/www.helso.fi\/sv\/kontakt\/","title":{"rendered":"Kontakt"},"content":{"rendered":"<h3 class=\"wp-block-heading\">F\u00f6rs\u00e4ljning och teknisk r\u00e5dgivning<\/h3>\n<p>Tel: <a href=\"tel:+358192461101\">+358 (0)19 246 1101<\/a> \/ <a href=\"tel:+35840906100\">+358 40 906 100<\/a><br \/><a href=\"mailto:info@helso.fi\">info@helso.fi<\/a><\/p>\n<h3 class=\"wp-block-heading\">F\u00f6rs\u00e4ljning och lager med utk\u00f6rning<\/h3>\n<p>Tel: <a href=\"tel:+46707498610\">+46 70 749 86 10<\/a><br \/>Swedeq Ab<br \/>S\u00e5gv\u00e4gen 18 B<br \/>184 40 \u00c5kerberga<br \/>Sverige<\/p>\n","protected":false},"excerpt":{"rendered":"<p>F\u00f6rs\u00e4ljning och teknisk r\u00e5dgivning Tel: +358 (0)19 246 1101 \/ +358 40 906 100info@helso.fi F\u00f6rs\u00e4ljning och lager med utk\u00f6rning Tel: +46 70 749 86 10Swedeq AbS\u00e5gv\u00e4gen 18 B184 40 \u00c5kerbergaSverige<\/p>\n","protected":false},"author":1,"featured_media":0,"parent":0,"menu_order":0,"comment_status":"closed","ping_status":"closed","template":"template_builder.php","meta":{"_acf_changed":false,"footnotes":""},"class_list":["post-259","page","type-page","status-publish","hentry","has-blocks"],"acf":[],"_links":{"self":[{"href":"https:\/\/www.helso.fi\/sv\/wp-json\/wp\/v2\/pages\/259","targetHints":{"allow":["GET"]}}],"collection":[{"href":"https:\/\/www.helso.fi\/sv\/wp-json\/wp\/v2\/pages"}],"about":[{"href":"https:\/\/www.helso.fi\/sv\/wp-json\/wp\/v2\/types\/page"}],"author":[{"embeddable":true,"href":"https:\/\/www.helso.fi\/sv\/wp-json\/wp\/v2\/users\/1"}],"replies":[{"embeddable":true,"href":"https:\/\/www.helso.fi\/sv\/wp-json\/wp\/v2\/comments?post=259"}],"version-history":[{"count":4,"href":"https:\/\/www.helso.fi\/sv\/wp-json\/wp\/v2\/pages\/259\/revisions"}],"predecessor-version":[{"id":982,"href":"https:\/\/www.helso.fi\/sv\/wp-json\/wp\/v2\/pages\/259\/revisions\/982"}],"wp:attachment":[{"href":"https:\/\/www.helso.fi\/sv\/wp-json\/wp\/v2\/media?parent=259"}],"curies":[{"name":"wp","href":"https:\/\/api.w.org\/{rel}","templated":true}]}}