{"id":227,"date":"2019-04-03T11:00:34","date_gmt":"2019-04-03T08:00:34","guid":{"rendered":"http:\/\/kund02.mrmedia.fi\/?page_id=227"},"modified":"2020-03-27T10:28:30","modified_gmt":"2020-03-27T08:28:30","slug":"okaria-borrhalspluggar","status":"publish","type":"page","link":"https:\/\/www.helso.fi\/sv\/okaria-borrhalspluggar\/","title":{"rendered":"Pintos &#8211; Borrh\u00e5lspluggar"},"content":{"rendered":"<table class=\"wp-block-table alignfull has-fixed-layout is-style-stripes mrm-table\">\n<tbody>\n<tr>\n<th><strong>Plugg<\/strong><\/th>\n<th colspan=\"2\"><strong>A \/ mm<\/strong><\/th>\n<th colspan=\"2\"><strong>B \/ mm<\/strong><\/th>\n<th>C \/ mm<\/th>\n<\/tr>\n<tr>\n<td><\/td>\n<td>Ulko \u00f8<\/td>\n<td>Sis\u00e4 \u00f8<\/td>\n<td>Ulko \u00f8<\/td>\n<td>Sis\u00e4 \u00f8<\/td>\n<td><\/td>\n<\/tr>\n<tr>\n<td>PT26\/187<\/td>\n<td>26<\/td>\n<td>25<\/td>\n<td>52<\/td>\n<td>44<\/td>\n<td>187<\/td>\n<\/tr>\n<tr>\n<td>PT44\/200<\/td>\n<td>44<\/td>\n<td>41<\/td>\n<td>89<\/td>\n<td>78<\/td>\n<td>200<\/td>\n<\/tr>\n<tr>\n<td>PT60\/300<\/td>\n<td>60<\/td>\n<td>63<\/td>\n<td>149<\/td>\n<td>136<\/td>\n<td>285<\/td>\n<\/tr>\n<tr>\n<td>PT63\/280<\/td>\n<td>65<\/td>\n<td>63<\/td>\n<td>119<\/td>\n<td>110<\/td>\n<td>285<\/td>\n<\/tr>\n<tr>\n<td colspan=\"6\">PT26\/187, gult lock f\u00f6r borrplugg<\/td>\n<\/tr>\n<\/tbody>\n<\/table>\n","protected":false},"excerpt":{"rendered":"<p>Plugg A \/ mm B \/ mm C \/ mm Ulko \u00f8 Sis\u00e4 \u00f8 Ulko \u00f8 Sis\u00e4 \u00f8 PT26\/187 26 25 52 44 187 PT44\/200 44 41 89 78 200 PT60\/300 60 63 149 136 285 PT63\/280 65 63 119 110 285 PT26\/187, gult lock f\u00f6r borrplugg<\/p>\n","protected":false},"author":1,"featured_media":0,"parent":0,"menu_order":0,"comment_status":"closed","ping_status":"closed","template":"template_builder.php","meta":{"_acf_changed":false,"footnotes":""},"class_list":["post-227","page","type-page","status-publish","hentry","has-blocks"],"acf":[],"_links":{"self":[{"href":"https:\/\/www.helso.fi\/sv\/wp-json\/wp\/v2\/pages\/227","targetHints":{"allow":["GET"]}}],"collection":[{"href":"https:\/\/www.helso.fi\/sv\/wp-json\/wp\/v2\/pages"}],"about":[{"href":"https:\/\/www.helso.fi\/sv\/wp-json\/wp\/v2\/types\/page"}],"author":[{"embeddable":true,"href":"https:\/\/www.helso.fi\/sv\/wp-json\/wp\/v2\/users\/1"}],"replies":[{"embeddable":true,"href":"https:\/\/www.helso.fi\/sv\/wp-json\/wp\/v2\/comments?post=227"}],"version-history":[{"count":2,"href":"https:\/\/www.helso.fi\/sv\/wp-json\/wp\/v2\/pages\/227\/revisions"}],"predecessor-version":[{"id":821,"href":"https:\/\/www.helso.fi\/sv\/wp-json\/wp\/v2\/pages\/227\/revisions\/821"}],"wp:attachment":[{"href":"https:\/\/www.helso.fi\/sv\/wp-json\/wp\/v2\/media?parent=227"}],"curies":[{"name":"wp","href":"https:\/\/api.w.org\/{rel}","templated":true}]}}