{"id":19,"date":"2019-04-01T06:39:10","date_gmt":"2019-04-01T06:39:10","guid":{"rendered":"http:\/\/kund02.mrmedia.fi\/?page_id=19"},"modified":"2022-09-23T11:29:04","modified_gmt":"2022-09-23T08:29:04","slug":"framsida","status":"publish","type":"page","link":"https:\/\/www.helso.fi\/sv\/","title":{"rendered":"Framsida"},"content":{"rendered":"<h1 class=\"has-text-align-center mrm-introduction wp-block-heading\">Effektivitet, kvalitet och p\u00e5litlighet<\/h1>\n<p class=\"has-text-align-center\">Vi vill erbjuda v\u00e5ra kunder det b\u00e4sta. Helso satsar st\u00e4ndigt p\u00e5 produktutveckling, vilket leder till produkter av h\u00f6g kvalitet. V\u00e5rt kostnadseffektiva produktionss\u00e4tt m\u00f6jligg\u00f6r konkurrenskraftiga priser. V\u00e5r produktionsanl\u00e4ggning har erh\u00e5llit ISO 9001 kvalitetscertifikatet och uppfyller alla branschspecifika krav. Produktionen sker p\u00e5 basen av l\u00e5ngvariga avtal, vilket garanterar en tillf\u00f6rlitlig leverans.<\/p>\n","protected":false},"excerpt":{"rendered":"<p>Effektivitet, kvalitet och p\u00e5litlighet Vi vill erbjuda v\u00e5ra kunder det b\u00e4sta. Helso satsar st\u00e4ndigt p\u00e5 produktutveckling, vilket leder till produkter av h\u00f6g kvalitet. V\u00e5rt kostnadseffektiva produktionss\u00e4tt m\u00f6jligg\u00f6r konkurrenskraftiga priser. V\u00e5r produktionsanl\u00e4ggning har erh\u00e5llit ISO 9001 kvalitetscertifikatet och uppfyller alla branschspecifika krav. Produktionen sker p\u00e5 basen av l\u00e5ngvariga avtal, vilket garanterar en tillf\u00f6rlitlig leverans.<\/p>\n","protected":false},"author":1,"featured_media":0,"parent":0,"menu_order":0,"comment_status":"closed","ping_status":"open","template":"template_builder.php","meta":{"_acf_changed":false,"footnotes":""},"class_list":["post-19","page","type-page","status-publish","hentry","has-blocks"],"acf":[],"_links":{"self":[{"href":"https:\/\/www.helso.fi\/sv\/wp-json\/wp\/v2\/pages\/19","targetHints":{"allow":["GET"]}}],"collection":[{"href":"https:\/\/www.helso.fi\/sv\/wp-json\/wp\/v2\/pages"}],"about":[{"href":"https:\/\/www.helso.fi\/sv\/wp-json\/wp\/v2\/types\/page"}],"author":[{"embeddable":true,"href":"https:\/\/www.helso.fi\/sv\/wp-json\/wp\/v2\/users\/1"}],"replies":[{"embeddable":true,"href":"https:\/\/www.helso.fi\/sv\/wp-json\/wp\/v2\/comments?post=19"}],"version-history":[{"count":11,"href":"https:\/\/www.helso.fi\/sv\/wp-json\/wp\/v2\/pages\/19\/revisions"}],"predecessor-version":[{"id":953,"href":"https:\/\/www.helso.fi\/sv\/wp-json\/wp\/v2\/pages\/19\/revisions\/953"}],"wp:attachment":[{"href":"https:\/\/www.helso.fi\/sv\/wp-json\/wp\/v2\/media?parent=19"}],"curies":[{"name":"wp","href":"https:\/\/api.w.org\/{rel}","templated":true}]}}