{"id":1018,"date":"2019-04-08T11:46:49","date_gmt":"2019-04-08T08:46:49","guid":{"rendered":"https:\/\/www.helso.fi\/kontakt\/"},"modified":"2025-07-03T14:25:00","modified_gmt":"2025-07-03T11:25:00","slug":"contact","status":"publish","type":"page","link":"https:\/\/www.helso.fi\/en\/contact\/","title":{"rendered":"Contact"},"content":{"rendered":"<h3 class=\"wp-block-heading\">Sales and technical consulting<\/h3>\n<p>Tel: <a href=\"tel:+358192461101\">+358 (0)19 246 1101<\/a> \/ <a href=\"tel:+35840906100\">+358 40 906 100<\/a><br \/><a href=\"mailto:info@helso.fi\">info@helso.fi<\/a><\/p>\n<h3 class=\"wp-block-heading\"> Address<\/h3>\n<p>Helso Oy<br \/>V\u00e4stanbygr\u00e4nd 3<br \/>10600 Eken\u00e4s<br \/>Finland<\/p>\n","protected":false},"excerpt":{"rendered":"<p>Sales and technical consulting Tel: +358 (0)19 246 1101 \/ +358 40 906 100info@helso.fi Address Helso OyV\u00e4stanbygr\u00e4nd 310600 Eken\u00e4sFinland<\/p>\n","protected":false},"author":1,"featured_media":0,"parent":0,"menu_order":0,"comment_status":"closed","ping_status":"closed","template":"template_builder.php","meta":{"_acf_changed":false,"footnotes":""},"class_list":["post-1018","page","type-page","status-publish","hentry","has-blocks"],"acf":[],"_links":{"self":[{"href":"https:\/\/www.helso.fi\/en\/wp-json\/wp\/v2\/pages\/1018","targetHints":{"allow":["GET"]}}],"collection":[{"href":"https:\/\/www.helso.fi\/en\/wp-json\/wp\/v2\/pages"}],"about":[{"href":"https:\/\/www.helso.fi\/en\/wp-json\/wp\/v2\/types\/page"}],"author":[{"embeddable":true,"href":"https:\/\/www.helso.fi\/en\/wp-json\/wp\/v2\/users\/1"}],"replies":[{"embeddable":true,"href":"https:\/\/www.helso.fi\/en\/wp-json\/wp\/v2\/comments?post=1018"}],"version-history":[{"count":2,"href":"https:\/\/www.helso.fi\/en\/wp-json\/wp\/v2\/pages\/1018\/revisions"}],"predecessor-version":[{"id":1020,"href":"https:\/\/www.helso.fi\/en\/wp-json\/wp\/v2\/pages\/1018\/revisions\/1020"}],"wp:attachment":[{"href":"https:\/\/www.helso.fi\/en\/wp-json\/wp\/v2\/media?parent=1018"}],"curies":[{"name":"wp","href":"https:\/\/api.w.org\/{rel}","templated":true}]}}