{"id":592,"date":"2019-04-08T11:46:49","date_gmt":"2019-04-08T08:46:49","guid":{"rendered":"http:\/\/kund02.mrmedia.fi\/contact-us\/"},"modified":"2019-05-08T10:43:04","modified_gmt":"2019-05-08T07:43:04","slug":"kontaktieren","status":"publish","type":"page","link":"https:\/\/www.helso.fi\/de\/kontaktieren\/","title":{"rendered":"Kontaktieren"},"content":{"rendered":"<h2 class=\"wp-block-heading\"><span class=\"\"><span class=\"tm-p-em\">Vertrieb und technische Beratung<\/span><\/span><\/h2>\n<p>Tel: <a href=\"tel:+358192461101\">+358 (0)19 246 1101<\/a><br \/><a href=\"mailto:info@helso.fi\">info@helso.fi<\/a><\/p>\n<h3 class=\"wp-block-heading\">Adresse:<\/h3>\n<p>Helso Oy<br \/>V\u00e4stanbygr\u00e4nd 3<br \/>10600 Eken\u00e4s<br \/>Finnland<\/p>\n","protected":false},"excerpt":{"rendered":"<p>Vertrieb und technische Beratung Tel: +358 (0)19 246 1101info@helso.fi Adresse: Helso OyV\u00e4stanbygr\u00e4nd 310600 Eken\u00e4sFinnland<\/p>\n","protected":false},"author":1,"featured_media":0,"parent":0,"menu_order":0,"comment_status":"closed","ping_status":"closed","template":"template_builder.php","meta":{"_acf_changed":false,"footnotes":""},"class_list":["post-592","page","type-page","status-publish","hentry","has-blocks"],"acf":[],"_links":{"self":[{"href":"https:\/\/www.helso.fi\/de\/wp-json\/wp\/v2\/pages\/592","targetHints":{"allow":["GET"]}}],"collection":[{"href":"https:\/\/www.helso.fi\/de\/wp-json\/wp\/v2\/pages"}],"about":[{"href":"https:\/\/www.helso.fi\/de\/wp-json\/wp\/v2\/types\/page"}],"author":[{"embeddable":true,"href":"https:\/\/www.helso.fi\/de\/wp-json\/wp\/v2\/users\/1"}],"replies":[{"embeddable":true,"href":"https:\/\/www.helso.fi\/de\/wp-json\/wp\/v2\/comments?post=592"}],"version-history":[{"count":4,"href":"https:\/\/www.helso.fi\/de\/wp-json\/wp\/v2\/pages\/592\/revisions"}],"predecessor-version":[{"id":739,"href":"https:\/\/www.helso.fi\/de\/wp-json\/wp\/v2\/pages\/592\/revisions\/739"}],"wp:attachment":[{"href":"https:\/\/www.helso.fi\/de\/wp-json\/wp\/v2\/media?parent=592"}],"curies":[{"name":"wp","href":"https:\/\/api.w.org\/{rel}","templated":true}]}}